{"id":2052,"date":"2026-01-16T14:28:21","date_gmt":"2026-01-16T14:28:21","guid":{"rendered":"https:\/\/svitproduction.com\/?page_id=2052"},"modified":"2026-02-07T12:13:43","modified_gmt":"2026-02-07T12:13:43","slug":"o-svitu","status":"publish","type":"page","link":"https:\/\/svitproduction.com\/en\/o-svitu\/","title":{"rendered":"About Svit"},"content":{"rendered":"<p>[et_pb_section fb_built=&#8221;1&#8243; custom_padding_last_edited=&#8221;on|phone&#8221; _builder_version=&#8221;4.23.1&#8243; _module_preset=&#8221;default&#8221; background_image=&#8221;https:\/\/svitproduction.com\/wp-content\/uploads\/2023\/12\/pexels-markus-spiske-117843-scaled.jpg&#8221; background_enable_video_mp4=&#8221;off&#8221; custom_padding=&#8221;109px||33px||false|false&#8221; custom_padding_tablet=&#8221;91px||91px||true|false&#8221; custom_padding_phone=&#8221;1px||0px||false|false&#8221; locked=&#8221;off&#8221; global_colors_info=&#8221;{}&#8221;][et_pb_row _builder_version=&#8221;4.23.1&#8243; _module_preset=&#8221;default&#8221; background_color=&#8221;rgba(0,0,0,0.61)&#8221; width_tablet=&#8221;&#8221; width_phone=&#8221;100%&#8221; width_last_edited=&#8221;on|phone&#8221; height_tablet=&#8221;&#8221; height_phone=&#8221;&#8221; height_last_edited=&#8221;on|phone&#8221; custom_margin=&#8221;-73px|auto||auto||&#8221; custom_padding=&#8221;30px|61px|30px|61px|true|false&#8221; global_colors_info=&#8221;{}&#8221;][et_pb_column type=&#8221;4_4&#8243; _builder_version=&#8221;4.23.1&#8243; _module_preset=&#8221;default&#8221; global_colors_info=&#8221;{}&#8221;][et_pb_text content_tablet=&#8221;<\/p>\n<h1>\ud83d\udc4b HI, I\u2019M SVIT<\/h1>\n<p>&#8221; content_phone=&#8221;<\/p>\n<h2>\ud83d\udc4b HI, I\u2019M SVIT<\/h2>\n<p>&#8221; content_last_edited=&#8221;on|phone&#8221; _builder_version=&#8221;4.23.1&#8243; _module_preset=&#8221;default&#8221; text_font=&#8221;|||on|||||&#8221; text_text_color=&#8221;#FFFFFF&#8221; text_font_size=&#8221;19px&#8221; header_font=&#8221;|800|||||||&#8221; header_text_align=&#8221;center&#8221; header_text_color=&#8221;#FFFFFF&#8221; header_font_size=&#8221;80px&#8221; header_2_text_color=&#8221;#FFFFFF&#8221; text_orientation=&#8221;center&#8221; header_font_size_tablet=&#8221;46px&#8221; header_font_size_phone=&#8221;30px&#8221; header_font_size_last_edited=&#8221;on|tablet&#8221; global_colors_info=&#8221;{}&#8221;]<\/p>\n<h1>\ud83d\udc4b Hej, SEM SVIT<\/h1>\n<p>[\/et_pb_text][\/et_pb_column][\/et_pb_row][\/et_pb_section][et_pb_section fb_built=&#8221;1&#8243; custom_padding_last_edited=&#8221;on|phone&#8221; _builder_version=&#8221;4.23.1&#8243; _module_preset=&#8221;default&#8221; background_enable_color=&#8221;off&#8221; background_enable_image=&#8221;off&#8221; background_enable_pattern_style=&#8221;on&#8221; background_pattern_style=&#8221;tufted&#8221; background_pattern_color=&#8221;rgba(0,0,0,0.09)&#8221; min_height=&#8221;814px&#8221; custom_padding=&#8221;34px||34px||true|&#8221; custom_padding_tablet=&#8221;23px||23px||true|false&#8221; custom_padding_phone=&#8221;10px||10px||true|false&#8221; bottom_divider_style=&#8221;wave2&#8243; bottom_divider_color=&#8221;#000e14&#8243; background_last_edited=&#8221;on|phone&#8221; background_enable_image_phone=&#8221;off&#8221; background_enable_pattern_style_phone=&#8221;on&#8221; background_pattern_style_phone=&#8221;tufted&#8221; background_pattern_color_phone=&#8221;rgba(10,10,10,0.09)&#8221; locked=&#8221;off&#8221; global_colors_info=&#8221;{}&#8221;][et_pb_row column_structure=&#8221;3_5,2_5&#8243; use_custom_gutter=&#8221;on&#8221; make_equal=&#8221;on&#8221; _builder_version=&#8221;4.23.1&#8243; _module_preset=&#8221;default&#8221; min_height=&#8221;530.2px&#8221; height=&#8221;434px&#8221; custom_padding=&#8221;||0px|||&#8221; locked=&#8221;off&#8221; global_colors_info=&#8221;{}&#8221;][et_pb_column type=&#8221;3_5&#8243; _builder_version=&#8221;4.19.2&#8243; _module_preset=&#8221;default&#8221; global_colors_info=&#8221;{}&#8221;][et_pb_text content_tablet=&#8221;<\/p>\n<h3><span>Creative. Passionate. Results-Driven<\/span><\/h3>\n<p><span><\/span><\/p>\n<h2 style=\"%22text-align:\" left;%22><span style=\"%22font-size:\" xx-large;%22>\ud83d\udc4b \u017divijo, sem Svit<\/span><\/h2>\n<p>Sem video ustvarjalec, ki rad snema dobre kvalitetne vsebine za podjetja ali stranke. Snemam promocijske videe, pokrivam razli\u010dne dogodke in strokturirane kraj\u0161e vertikalne vsebine.<\/p>\n<p>Vedno sem za akcijo, tako da ob zanimanju me kontaktirajte in ustvarimo nekaj SKUPAJ!<\/p>\n<\/p>\n<p>&#8221; content_phone=&#8221;<\/p>\n<h6><span>Creative. Passionate. Results-Driven<\/span><\/h6>\n<p><span><\/span><br \/><h style=\"%22text-align:\" left;%22><span style=\"%22font-size:\" xx-large;%22>\ud83d\udc4b \u017divijo, sem Svit<\/span> <\/h><\/p>\n<p>Sem video ustvarjalec, ki rad snema dobre kvalitetne vsebine za podjetja ali stranke. Snemam promocijske videe, pokrivam razli\u010dne dogodke in strokturirane kraj\u0161e vertikalne vsebine.<\/p>\n<p>Vedno sem za akcijo, tako da ob zanimanju me kontaktirajte in ustvarimo nekaj SKUPAJ!<\/p>\n<\/p>\n<p>&#8221; content_last_edited=&#8221;on|tablet&#8221; _builder_version=&#8221;4.23.1&#8243; _module_preset=&#8221;default&#8221; text_font=&#8221;|600|||||||&#8221; text_font_size=&#8221;16px&#8221; header_2_font=&#8221;|600|||||||&#8221; header_2_font_size=&#8221;63px&#8221; header_3_font=&#8221;|||on|||||&#8221; header_3_font_size=&#8221;19px&#8221; custom_margin_tablet=&#8221;&#8221; custom_margin_phone=&#8221;||118px||false|false&#8221; custom_margin_last_edited=&#8221;on|phone&#8221; custom_padding=&#8221;|1px|0px||false|false&#8221; header_2_font_size_tablet=&#8221;63px&#8221; header_2_font_size_phone=&#8221;42px&#8221; header_2_font_size_last_edited=&#8221;on|phone&#8221; header_3_font_size_tablet=&#8221;19px&#8221; header_3_font_size_phone=&#8221;15px&#8221; header_3_font_size_last_edited=&#8221;on|phone&#8221; global_colors_info=&#8221;{}&#8221;]<\/p>\n<h3><span>CREATIVE. AMBITIOUS. RESULTS-ORIENTED.<\/span><span><\/span><\/h3>\n<p><span><\/span><\/p>\n<p data-start=\"129\" data-end=\"364\"><strong>I am a video creator with over 3 years of professional experience in video production.<\/strong> I specialize in dynamic, sporty, and energetic content that captures attention and effectively showcases a story, product, or event.<\/p>\n<p data-start=\"371\" data-end=\"717\">I create and edit promotional videos, cover events, and produce vertical content for social media, tailored for businesses and individuals who want to stand out in the digital space. My work focuses on a clear visual style adapted to the target audience and on delivering results that provide added value.<\/p>\n<p data-start=\"724\" data-end=\"883\">If you\u2019re looking for a modern, energetic visual approach and someone who understands the impact of a great video in today\u2019s world, get in touch and let\u2019s create something special together.<\/p>\n<p>&nbsp;<\/p>\n<p>[\/et_pb_text][et_pb_social_media_follow icon_color=&#8221;#FFFFFF&#8221; use_icon_font_size=&#8221;on&#8221; icon_font_size=&#8221;17px&#8221; disabled_on=&#8221;on|on|off&#8221; _builder_version=&#8221;4.23.1&#8243; _module_preset=&#8221;default&#8221; background_color=&#8221;RGBA(255,255,255,0)&#8221; custom_padding=&#8221;4px|||||&#8221; global_colors_info=&#8221;{}&#8221;][et_pb_social_media_follow_network social_network=&#8221;instagram&#8221; url=&#8221;https:\/\/www.instagram.com\/svit_savnik\/?next=%2F&#8221; _builder_version=&#8221;4.23.1&#8243; _module_preset=&#8221;default&#8221; background_color=&#8221;#ea2c59&#8243; use_background_color_gradient=&#8221;on&#8221; background_color_gradient_stops=&#8221;#ff23cb 0%|#ff4e33 31%|#edca31 100%&#8221; global_colors_info=&#8221;{}&#8221; follow_button=&#8221;off&#8221; url_new_window=&#8221;on&#8221;]instagram[\/et_pb_social_media_follow_network][et_pb_social_media_follow_network social_network=&#8221;linkedin&#8221; url=&#8221;https:\/\/www.linkedin.com\/in\/svit-savnik\/&#8221; _builder_version=&#8221;4.23.1&#8243; _module_preset=&#8221;default&#8221; background_color=&#8221;#007bb6&#8243; global_colors_info=&#8221;{}&#8221; follow_button=&#8221;off&#8221; url_new_window=&#8221;on&#8221;]linkedin[\/et_pb_social_media_follow_network][et_pb_social_media_follow_network social_network=&#8221;tiktok&#8221; url=&#8221;https:\/\/www.tiktok.com\/@svitsavnik&#8221; _builder_version=&#8221;4.23.1&#8243; _module_preset=&#8221;default&#8221; background_color=&#8221;#000000&#8243; background_enable_color=&#8221;on&#8221; global_colors_info=&#8221;{}&#8221; follow_button=&#8221;off&#8221; url_new_window=&#8221;on&#8221;]tiktok[\/et_pb_social_media_follow_network][\/et_pb_social_media_follow][\/et_pb_column][et_pb_column type=&#8221;2_5&#8243; _builder_version=&#8221;4.19.2&#8243; _module_preset=&#8221;default&#8221; custom_css_main_element=&#8221;margin:auto&#8221; global_colors_info=&#8221;{}&#8221;][et_pb_image src=&#8221;https:\/\/svitproduction.com\/wp-content\/uploads\/2026\/01\/DSC5644-scaled.jpg&#8221; title_text=&#8221;_DSC5644&#8243; show_bottom_space=&#8221;off&#8221; src_tablet=&#8221;https:\/\/svitproduction.com\/wp-content\/uploads\/2026\/01\/DSC5644-scaled.jpg&#8221; src_phone=&#8221;https:\/\/svitproduction.com\/wp-content\/uploads\/2026\/01\/DSC5644-scaled.jpg&#8221; src_last_edited=&#8221;on|phone&#8221; _builder_version=&#8221;4.23.1&#8243; _module_preset=&#8221;default&#8221; width=&#8221;70%&#8221; max_width=&#8221;100%&#8221; module_alignment=&#8221;center&#8221; custom_margin=&#8221;-208px|22px|-113px||false|false&#8221; custom_margin_tablet=&#8221;-145px||29px||false|false&#8221; custom_margin_phone=&#8221;-106px||27px||false|false&#8221; custom_margin_last_edited=&#8221;on|phone&#8221; custom_padding=&#8221;0px||9px||false|false&#8221; hover_enabled=&#8221;0&#8243; border_radii=&#8221;on|18px|18px|18px|18px&#8221; global_colors_info=&#8221;{}&#8221; sticky_enabled=&#8221;0&#8243;][\/et_pb_image][\/et_pb_column][\/et_pb_row][et_pb_row _builder_version=&#8221;4.23.1&#8243; _module_preset=&#8221;default&#8221; custom_margin_tablet=&#8221;&#8221; custom_margin_phone=&#8221;||-1px||false|false&#8221; custom_margin_last_edited=&#8221;on|phone&#8221; custom_padding=&#8221;77px|4px|0px||false|false&#8221; global_colors_info=&#8221;{}&#8221;][et_pb_column type=&#8221;4_4&#8243; _builder_version=&#8221;4.23.1&#8243; _module_preset=&#8221;default&#8221; global_colors_info=&#8221;{}&#8221;][et_pb_text content_tablet=&#8221;<\/p>\n<h3 style=\"%22text-align:\" left;%22>I HAVE SUCCESSFULLY COLLABORATED WITH:<\/h3>\n<p>&#8221; content_phone=&#8221;<\/p>\n<h4 style=\"%22text-align:\" left;%22>I HAVE SUCCESSFULLY COLLABORATED WITH:<\/h2>\n<p>&#8221; content_last_edited=&#8221;on|phone&#8221; _builder_version=&#8221;4.23.1&#8243; _module_preset=&#8221;default&#8221; custom_margin_tablet=&#8221;&#8221; custom_margin_phone=&#8221;21px||||false|false&#8221; custom_margin_last_edited=&#8221;on|phone&#8221; global_colors_info=&#8221;{}&#8221;]<\/p>\n<h3 style=\"text-align: left;\">I HAVE SUCCESSFULLY COLLABORATED WITH:<\/h3>\n<p>[\/et_pb_text][\/et_pb_column][\/et_pb_row][et_pb_row _builder_version=&#8221;4.23.1&#8243; _module_preset=&#8221;default&#8221; custom_padding=&#8221;0px||65px|||&#8221; global_colors_info=&#8221;{}&#8221;][et_pb_column type=&#8221;4_4&#8243; _builder_version=&#8221;4.23.1&#8243; _module_preset=&#8221;default&#8221; global_colors_info=&#8221;{}&#8221;][gs_logo_slider _builder_version=&#8221;4.23.1&#8243; _module_preset=&#8221;default&#8221; custom_padding=&#8221;0px|||||&#8221; global_colors_info=&#8221;{}&#8221;][\/gs_logo_slider][\/et_pb_column][\/et_pb_row][\/et_pb_section]<\/p>","protected":false},"excerpt":{"rendered":"<p>\ud83d\udc4b Hej, SEM SVITKREATIVEN. AMBICIOZEN. USMERJEN K REZULTATOM. Sem video ustvarjalec z ve\u010d kot 3 leti profesionalnih izku\u0161enj na podro\u010dju video produkcije. Specializiran sem za dinami\u010dne, \u0161portne in energi\u010dne vsebine, ki pritegnejo pozornost in u\u010dinkovito predstavijo zgodbo, izdelek ali dogodek. Ukvarjam se s snemanjem in monta\u017eo promocijskih videov, pokrivanjem dogodkov ter ustvarjanjem vertikalnih vsebin za [&hellip;]<\/p>","protected":false},"author":1,"featured_media":0,"parent":0,"menu_order":0,"comment_status":"closed","ping_status":"closed","template":"","meta":{"_et_pb_use_builder":"on","_et_pb_old_content":"","_et_gb_content_width":"","footnotes":""},"_links":{"self":[{"href":"https:\/\/svitproduction.com\/en\/wp-json\/wp\/v2\/pages\/2052"}],"collection":[{"href":"https:\/\/svitproduction.com\/en\/wp-json\/wp\/v2\/pages"}],"about":[{"href":"https:\/\/svitproduction.com\/en\/wp-json\/wp\/v2\/types\/page"}],"author":[{"embeddable":true,"href":"https:\/\/svitproduction.com\/en\/wp-json\/wp\/v2\/users\/1"}],"replies":[{"embeddable":true,"href":"https:\/\/svitproduction.com\/en\/wp-json\/wp\/v2\/comments?post=2052"}],"version-history":[{"count":41,"href":"https:\/\/svitproduction.com\/en\/wp-json\/wp\/v2\/pages\/2052\/revisions"}],"predecessor-version":[{"id":2241,"href":"https:\/\/svitproduction.com\/en\/wp-json\/wp\/v2\/pages\/2052\/revisions\/2241"}],"wp:attachment":[{"href":"https:\/\/svitproduction.com\/en\/wp-json\/wp\/v2\/media?parent=2052"}],"curies":[{"name":"wp","href":"https:\/\/api.w.org\/{rel}","templated":true}]}}