{"id":1542,"date":"2025-04-13T18:49:24","date_gmt":"2025-04-13T18:49:24","guid":{"rendered":"https:\/\/svitproduction.com\/?page_id=1542"},"modified":"2025-08-02T17:39:54","modified_gmt":"2025-08-02T17:39:54","slug":"objektivci_teja","status":"publish","type":"page","link":"https:\/\/svitproduction.com\/en\/objektivci_teja\/","title":{"rendered":"Objektivci_Teja"},"content":{"rendered":"<p>[et_pb_section fb_built=&#8221;1&#8243; custom_padding_last_edited=&#8221;on|phone&#8221; _builder_version=&#8221;4.23.1&#8243; _module_preset=&#8221;default&#8221; background_image=&#8221;https:\/\/svitproduction.com\/wp-content\/uploads\/2023\/12\/pexels-markus-spiske-117843-scaled.jpg&#8221; background_enable_video_mp4=&#8221;off&#8221; custom_padding=&#8221;68px||33px||false|false&#8221; custom_padding_tablet=&#8221;91px||91px||true|false&#8221; custom_padding_phone=&#8221;70px||0px||false|false&#8221; locked=&#8221;off&#8221; global_colors_info=&#8221;{}&#8221;][et_pb_row _builder_version=&#8221;4.23.1&#8243; _module_preset=&#8221;default&#8221; background_color=&#8221;rgba(0,0,0,0.61)&#8221; width_tablet=&#8221;&#8221; width_phone=&#8221;100%&#8221; width_last_edited=&#8221;on|phone&#8221; height_tablet=&#8221;&#8221; height_phone=&#8221;&#8221; height_last_edited=&#8221;on|phone&#8221; custom_padding=&#8221;30px|61px|30px|61px|true|false&#8221; global_colors_info=&#8221;{}&#8221;][et_pb_column type=&#8221;4_4&#8243; _builder_version=&#8221;4.23.1&#8243; _module_preset=&#8221;default&#8221; global_colors_info=&#8221;{}&#8221;][et_pb_text _builder_version=&#8221;4.23.1&#8243; _module_preset=&#8221;default&#8221; text_font=&#8221;|||on|||||&#8221; text_text_color=&#8221;#FFFFFF&#8221; text_font_size=&#8221;19px&#8221; header_font=&#8221;|800|||||||&#8221; header_text_align=&#8221;center&#8221; header_text_color=&#8221;#FFFFFF&#8221; header_font_size=&#8221;80px&#8221; header_2_text_color=&#8221;#FFFFFF&#8221; text_orientation=&#8221;center&#8221; header_font_size_tablet=&#8221;46px&#8221; header_font_size_phone=&#8221;30px&#8221; header_font_size_last_edited=&#8221;on|tablet&#8221; global_colors_info=&#8221;{}&#8221;]<\/p>\n<h1>TEJA LISJAK\u00a0<\/h1>\n<p>[\/et_pb_text][\/et_pb_column][\/et_pb_row][\/et_pb_section][et_pb_section fb_built=&#8221;1&#8243; next_background_color=&#8221;#1e1e1e&#8221; _builder_version=&#8221;4.23.1&#8243; _module_preset=&#8221;default&#8221; background_image=&#8221;https:\/\/svitproduction.com\/wp-content\/uploads\/2023\/11\/Website-Background-2.png&#8221; custom_padding=&#8221;28px|||||&#8221; bottom_divider_style=&#8221;wave2&#8243; background_last_edited=&#8221;on|phone&#8221; background_enable_image_phone=&#8221;off&#8221; background_enable_pattern_style_phone=&#8221;on&#8221; background_pattern_style_phone=&#8221;tufted&#8221; locked=&#8221;off&#8221; global_colors_info=&#8221;{}&#8221;][et_pb_row column_structure=&#8221;3_5,2_5&#8243; _builder_version=&#8221;4.23.1&#8243; _module_preset=&#8221;default&#8221; min_height=&#8221;759.8px&#8221; custom_padding=&#8221;3px|||||&#8221; global_colors_info=&#8221;{}&#8221;][et_pb_column type=&#8221;3_5&#8243; _builder_version=&#8221;4.23.1&#8243; _module_preset=&#8221;default&#8221; global_colors_info=&#8221;{}&#8221;][et_pb_text _builder_version=&#8221;4.23.1&#8243; _module_preset=&#8221;default&#8221; width=&#8221;100%&#8221; custom_margin=&#8221;-4px|3px|8px||false|false&#8221; custom_padding=&#8221;11px|0px|0px||false|false&#8221; global_colors_info=&#8221;{}&#8221;]<\/p>\n<p><span style=\"font-size: large;\">Cinematografinja in re\u017eiserka iz Londona, kjer ustvarja privla\u010dne in dinami\u010dne vsebine za splet in blagovne znamke. Leta 2020 se je iz Slovenije preselila v London, da bi uresni\u010dila svojo kariero na podro\u010dju medijev. Od takrat je postala ambasadorka znamk, kot je Samsung UK, in imela prilo\u017enost sodelovati z blagovnimi znamkami, kot so Sony, R\u00f8de, Gymshark, Artlist in mnogimi drugimi.<!-- notionvc: 82a6d881-492c-4992-8dc2-d85f1df7aaa1 --><\/span><\/p>\n<p>[\/et_pb_text][et_pb_gallery gallery_ids=&#8221;1051,1052,1046,1045&#8243; show_title_and_caption=&#8221;off&#8221; _builder_version=&#8221;4.23.1&#8243; _module_preset=&#8221;default&#8221; caption_font_size=&#8221;14px&#8221; custom_margin=&#8221;20px|||||&#8221; hover_enabled=&#8221;0&#8243; global_colors_info=&#8221;{}&#8221; hover_overlay_color=&#8221;rgba(0,0,0,0.6)&#8221; zoom_icon_color=&#8221;#FFFFFF&#8221; sticky_enabled=&#8221;0&#8243;][\/et_pb_gallery][\/et_pb_column][et_pb_column type=&#8221;2_5&#8243; _builder_version=&#8221;4.23.1&#8243; _module_preset=&#8221;default&#8221; global_colors_info=&#8221;{}&#8221;][et_pb_video src=&#8221;https:\/\/svitproduction.com\/wp-content\/uploads\/2025\/02\/TL-x-Slo-Objektivci-Promo01-video-export-2025-01-29T21-19-06.719Z-2.mp4&#8243; image_src=&#8221;https:\/\/svitproduction.com\/wp-content\/uploads\/2025\/02\/DSC04555-Edit-scaled-e1740247746874.jpg&#8221; _builder_version=&#8221;4.23.1&#8243; _module_preset=&#8221;default&#8221; width=&#8221;90.7%&#8221; module_alignment=&#8221;center&#8221; min_height=&#8221;439.7px&#8221; custom_margin=&#8221;|10px||-14px||&#8221; custom_padding=&#8221;|0px||||&#8221; global_colors_info=&#8221;{}&#8221;][\/et_pb_video][\/et_pb_column][\/et_pb_row][\/et_pb_section]<\/p>","protected":false},"excerpt":{"rendered":"<p>TEJA LISJAK\u00a0Cinematografinja in re\u017eiserka iz Londona, kjer ustvarja privla\u010dne in dinami\u010dne vsebine za splet in blagovne znamke. Leta 2020 se je iz Slovenije preselila v London, da bi uresni\u010dila svojo kariero na podro\u010dju medijev. Od takrat je postala ambasadorka znamk, kot je Samsung UK, in imela prilo\u017enost sodelovati z blagovnimi znamkami, kot so Sony, R\u00f8de, [&hellip;]<\/p>","protected":false},"author":1,"featured_media":0,"parent":0,"menu_order":0,"comment_status":"closed","ping_status":"closed","template":"","meta":{"_et_pb_use_builder":"on","_et_pb_old_content":"","_et_gb_content_width":"","footnotes":""},"_links":{"self":[{"href":"https:\/\/svitproduction.com\/en\/wp-json\/wp\/v2\/pages\/1542"}],"collection":[{"href":"https:\/\/svitproduction.com\/en\/wp-json\/wp\/v2\/pages"}],"about":[{"href":"https:\/\/svitproduction.com\/en\/wp-json\/wp\/v2\/types\/page"}],"author":[{"embeddable":true,"href":"https:\/\/svitproduction.com\/en\/wp-json\/wp\/v2\/users\/1"}],"replies":[{"embeddable":true,"href":"https:\/\/svitproduction.com\/en\/wp-json\/wp\/v2\/comments?post=1542"}],"version-history":[{"count":5,"href":"https:\/\/svitproduction.com\/en\/wp-json\/wp\/v2\/pages\/1542\/revisions"}],"predecessor-version":[{"id":1703,"href":"https:\/\/svitproduction.com\/en\/wp-json\/wp\/v2\/pages\/1542\/revisions\/1703"}],"wp:attachment":[{"href":"https:\/\/svitproduction.com\/en\/wp-json\/wp\/v2\/media?parent=1542"}],"curies":[{"name":"wp","href":"https:\/\/api.w.org\/{rel}","templated":true}]}}